{"id":7,"date":"2016-11-23T09:54:15","date_gmt":"2016-11-23T09:54:15","guid":{"rendered":"http:\/\/wordpress.mc-kolbermoor.de\/?page_id=7"},"modified":"2024-03-09T18:39:26","modified_gmt":"2024-03-09T17:39:26","slug":"ueber-uns","status":"publish","type":"page","link":"https:\/\/www.mc-kolbermoor.de\/?page_id=7","title":{"rendered":"\u00dcber uns"},"content":{"rendered":"<p>Wir sind ein bunt gemischter Haufen Motorradbegeisterter jeder Altersstufe. Jedes Jahr zum Saisonbeginn veranstalten wir die allj\u00e4hrliche Motorradweihe auf dem Alten Rathausplatz. Mit etwa 300 Motorr\u00e4dern und fast eben so vielen Schaulustigen ist die Fahrzeugweihe mittlerweile zu einer der am meist besuchten in der Region geworden. Wir starten auch des \u00d6fteren kurze oder l\u00e4ngere Touren, die dann schon den ganzen Tag f\u00fcllen k\u00f6nnen. Die mehrt\u00e4gigen Ausfahrten im Fr\u00fchjahr und Herbst d\u00fcrfen nat\u00fcrlich auch nicht fehlen. Ob K\u00e4rnten, S\u00fcdtirol, Fr\u00e4nkische Schweiz, Schwarzwald, bayerischer Wald oder Schw\u00e4bische Alb. Die Hauptsache ist, dass man am jeweiligen Ziel ausreichend Mopedstrecken vorfindet. Die Ziele und Termine besprechen wir an der jeweiligen Monatsversammlung, die jeden ersten Mittwoch im Monat beim \"Servus F\u00fcglein\" in Kolbermoor stattfindet. Des Weiteren treffen wir uns jeden dritten Mittwoch zum Stammtisch, ebenfalls beim \"Servus F\u00fcglein\". Nat\u00fcrlich freuen wir uns \u00fcber jeden Motorradbegeisterten, der sich unserer Runde anschlie\u00dfen m\u00f6chte. Am besten einfach mal beim Stammtisch vorbeikommen.<\/p>\n<p>\u200b<\/p>\n","protected":false},"excerpt":{"rendered":"<p>Wir sind ein bunt gemischter Haufen Motorradbegeisterter jeder Altersstufe. Jedes Jahr zum Saisonbeginn veranstalten wir die allj\u00e4hrliche Motorradweihe auf dem Alten Rathausplatz. Mit etwa 300 Motorr\u00e4dern und fast eben so vielen Schaulustigen ist die Fahrzeugweihe mittlerweile zu einer der am meist besuchten in der Region geworden. Wir starten auch des \u00d6fteren kurze oder l\u00e4ngere Touren, <a href=\"https:\/\/www.mc-kolbermoor.de\/?page_id=7\" class=\"more-link\">...weiterlesen<span class=\"screen-reader-text\"> \"\u00dcber uns\"<\/span><\/a><\/p>\n","protected":false},"author":1,"featured_media":0,"parent":0,"menu_order":0,"comment_status":"closed","ping_status":"closed","template":"page-templates\/full-width.php","meta":{"footnotes":""},"_links":{"self":[{"href":"https:\/\/www.mc-kolbermoor.de\/index.php?rest_route=\/wp\/v2\/pages\/7"}],"collection":[{"href":"https:\/\/www.mc-kolbermoor.de\/index.php?rest_route=\/wp\/v2\/pages"}],"about":[{"href":"https:\/\/www.mc-kolbermoor.de\/index.php?rest_route=\/wp\/v2\/types\/page"}],"author":[{"embeddable":true,"href":"https:\/\/www.mc-kolbermoor.de\/index.php?rest_route=\/wp\/v2\/users\/1"}],"replies":[{"embeddable":true,"href":"https:\/\/www.mc-kolbermoor.de\/index.php?rest_route=%2Fwp%2Fv2%2Fcomments&post=7"}],"version-history":[{"count":22,"href":"https:\/\/www.mc-kolbermoor.de\/index.php?rest_route=\/wp\/v2\/pages\/7\/revisions"}],"predecessor-version":[{"id":363,"href":"https:\/\/www.mc-kolbermoor.de\/index.php?rest_route=\/wp\/v2\/pages\/7\/revisions\/363"}],"wp:attachment":[{"href":"https:\/\/www.mc-kolbermoor.de\/index.php?rest_route=%2Fwp%2Fv2%2Fmedia&parent=7"}],"curies":[{"name":"wp","href":"https:\/\/api.w.org\/{rel}","templated":true}]}}